{"id":120,"date":"2021-05-09T15:04:46","date_gmt":"2021-05-09T15:04:46","guid":{"rendered":"https:\/\/bpolifactoreming.com\/?page_id=120"},"modified":"2021-07-12T08:11:33","modified_gmt":"2021-07-12T06:11:33","slug":"kapcsolat","status":"publish","type":"page","link":"https:\/\/bpolifactoreming.com\/en\/kapcsolat\/","title":{"rendered":"Contact"},"content":{"rendered":"\t\t<div data-elementor-type=\"wp-page\" data-elementor-id=\"120\" class=\"elementor elementor-120\" data-elementor-post-type=\"page\">\n\t\t\t\t\t\t<section class=\"elementor-section elementor-top-section elementor-element elementor-element-b070141 elementor-section-full_width elementor-section-height-min-height elementor-section-content-middle elementor-section-height-default elementor-section-items-middle\" data-id=\"b070141\" data-element_type=\"section\" data-e-type=\"section\" data-settings=\"{&quot;background_background&quot;:&quot;classic&quot;,&quot;shape_divider_bottom&quot;:&quot;tilt&quot;,&quot;background_motion_fx_motion_fx_scrolling&quot;:&quot;yes&quot;,&quot;background_motion_fx_translateY_effect&quot;:&quot;yes&quot;,&quot;background_motion_fx_translateY_speed&quot;:{&quot;unit&quot;:&quot;px&quot;,&quot;size&quot;:4,&quot;sizes&quot;:[]},&quot;background_motion_fx_translateY_affectedRange&quot;:{&quot;unit&quot;:&quot;%&quot;,&quot;size&quot;:&quot;&quot;,&quot;sizes&quot;:{&quot;start&quot;:0,&quot;end&quot;:100}},&quot;background_motion_fx_devices&quot;:[&quot;desktop&quot;,&quot;tablet&quot;,&quot;mobile&quot;]}\">\n\t\t\t\t\t<div class=\"elementor-shape elementor-shape-bottom\" aria-hidden=\"true\" data-negative=\"false\">\n\t\t\t<svg xmlns=\"http:\/\/www.w3.org\/2000\/svg\" viewBox=\"0 0 1000 100\" preserveAspectRatio=\"none\">\n\t<path class=\"elementor-shape-fill\" d=\"M0,6V0h1000v100L0,6z\"\/>\n<\/svg>\t\t<\/div>\n\t\t\t\t\t<div class=\"elementor-container elementor-column-gap-default\">\n\t\t\t\t\t<div class=\"elementor-column elementor-col-100 elementor-top-column elementor-element elementor-element-b9462da\" data-id=\"b9462da\" data-element_type=\"column\" data-e-type=\"column\">\n\t\t\t<div class=\"elementor-widget-wrap elementor-element-populated\">\n\t\t\t\t\t\t<div class=\"elementor-element elementor-element-8aa4626 elementor-widget elementor-widget-heading\" data-id=\"8aa4626\" data-element_type=\"widget\" data-e-type=\"widget\" data-widget_type=\"heading.default\">\n\t\t\t\t<div class=\"elementor-widget-container\">\n\t\t\t\t\t<h2 class=\"elementor-heading-title elementor-size-default\">Kapcsolat<\/h2>\t\t\t\t<\/div>\n\t\t\t\t<\/div>\n\t\t\t\t\t<\/div>\n\t\t<\/div>\n\t\t\t\t\t<\/div>\n\t\t<\/section>\n\t\t\t\t<section class=\"elementor-section elementor-top-section elementor-element elementor-element-fda9538 elementor-section-boxed elementor-section-height-default elementor-section-height-default\" data-id=\"fda9538\" data-element_type=\"section\" data-e-type=\"section\" data-settings=\"{&quot;background_background&quot;:&quot;classic&quot;}\">\n\t\t\t\t\t\t<div class=\"elementor-container elementor-column-gap-default\">\n\t\t\t\t\t<div class=\"elementor-column elementor-col-50 elementor-top-column elementor-element elementor-element-6025784\" data-id=\"6025784\" data-element_type=\"column\" data-e-type=\"column\">\n\t\t\t<div class=\"elementor-widget-wrap elementor-element-populated\">\n\t\t\t\t\t\t<div class=\"elementor-element elementor-element-ae9b526 elementor-widget elementor-widget-heading\" data-id=\"ae9b526\" data-element_type=\"widget\" data-e-type=\"widget\" data-widget_type=\"heading.default\">\n\t\t\t\t<div class=\"elementor-widget-container\">\n\t\t\t\t\t<h2 class=\"elementor-heading-title elementor-size-default\">Bal\u00e1zs Csaba<\/h2>\t\t\t\t<\/div>\n\t\t\t\t<\/div>\n\t\t\t\t<div class=\"elementor-element elementor-element-91799cb elementor-widget elementor-widget-text-editor\" data-id=\"91799cb\" data-element_type=\"widget\" data-e-type=\"widget\" data-widget_type=\"text-editor.default\">\n\t\t\t\t<div class=\"elementor-widget-container\">\n\t\t\t\t\t\t\t\t\t<p>\u00dcgyvezet\u0151<\/p><p>E-mail: <a href=\"mailto:csaba.balazs@bpolifactoreming.com\">csaba.balazs@bpolifactoreming.com<\/a><\/p>\t\t\t\t\t\t\t\t<\/div>\n\t\t\t\t<\/div>\n\t\t\t\t\t<\/div>\n\t\t<\/div>\n\t\t\t\t<div class=\"elementor-column elementor-col-50 elementor-top-column elementor-element elementor-element-ab9f072\" data-id=\"ab9f072\" data-element_type=\"column\" data-e-type=\"column\">\n\t\t\t<div class=\"elementor-widget-wrap elementor-element-populated\">\n\t\t\t\t\t\t<div class=\"elementor-element elementor-element-137f925 elementor-widget elementor-widget-heading\" data-id=\"137f925\" data-element_type=\"widget\" data-e-type=\"widget\" data-widget_type=\"heading.default\">\n\t\t\t\t<div class=\"elementor-widget-container\">\n\t\t\t\t\t<h2 class=\"elementor-heading-title elementor-size-default\">Kordik \u00c9va<\/h2>\t\t\t\t<\/div>\n\t\t\t\t<\/div>\n\t\t\t\t<div class=\"elementor-element elementor-element-a8f17a2 elementor-widget elementor-widget-text-editor\" data-id=\"a8f17a2\" data-element_type=\"widget\" data-e-type=\"widget\" data-widget_type=\"text-editor.default\">\n\t\t\t\t<div class=\"elementor-widget-container\">\n\t\t\t\t\t\t\t\t\t<p>\u00c9rt\u00e9kes\u00edt\u00e9si vezet\u0151<\/p><p>E-mail: <a href=\"mailto:eva.kordik@bpolifactoreming.com\">eva.kordik@bpolifactoreming.com<\/a> <br \/>Mobil: <a href=\"tel:+36709464204\">+36 70 9464-204<\/a><\/p>\t\t\t\t\t\t\t\t<\/div>\n\t\t\t\t<\/div>\n\t\t\t\t\t<\/div>\n\t\t<\/div>\n\t\t\t\t\t<\/div>\n\t\t<\/section>\n\t\t\t\t<section class=\"elementor-section elementor-top-section elementor-element elementor-element-6b49cb1 elementor-section-boxed elementor-section-height-default elementor-section-height-default\" data-id=\"6b49cb1\" data-element_type=\"section\" data-e-type=\"section\" data-settings=\"{&quot;background_background&quot;:&quot;classic&quot;}\">\n\t\t\t\t\t\t<div class=\"elementor-container elementor-column-gap-default\">\n\t\t\t\t\t<div class=\"elementor-column elementor-col-50 elementor-top-column elementor-element elementor-element-af88f6d\" data-id=\"af88f6d\" data-element_type=\"column\" data-e-type=\"column\">\n\t\t\t<div class=\"elementor-widget-wrap elementor-element-populated\">\n\t\t\t\t\t\t<div class=\"elementor-element elementor-element-49cad17 elementor-widget elementor-widget-toggle\" data-id=\"49cad17\" data-element_type=\"widget\" data-e-type=\"widget\" data-widget_type=\"toggle.default\">\n\t\t\t\t<div class=\"elementor-widget-container\">\n\t\t\t\t\t\t\t<div class=\"elementor-toggle\">\n\t\t\t\t\t\t\t<div class=\"elementor-toggle-item\">\n\t\t\t\t\t<div id=\"elementor-tab-title-7731\" class=\"elementor-tab-title\" data-tab=\"1\" role=\"button\" aria-controls=\"elementor-tab-content-7731\" aria-expanded=\"false\">\n\t\t\t\t\t\t\t\t\t\t\t\t<span class=\"elementor-toggle-icon elementor-toggle-icon-left\" aria-hidden=\"true\">\n\t\t\t\t\t\t\t\t\t\t\t\t\t\t\t<span class=\"elementor-toggle-icon-closed\"><i class=\"fas fa-caret-right\"><\/i><\/span>\n\t\t\t\t\t\t\t\t<span class=\"elementor-toggle-icon-opened\"><i class=\"elementor-toggle-icon-opened fas fa-caret-up\"><\/i><\/span>\n\t\t\t\t\t\t\t\t\t\t\t\t\t<\/span>\n\t\t\t\t\t\t\t\t\t\t\t\t<a class=\"elementor-toggle-title\" tabindex=\"0\">SZ\u00c9KHELY \u00c9S SZ\u00c1ML\u00c1Z\u00c1SI C\u00cdM<\/a>\n\t\t\t\t\t<\/div>\n\n\t\t\t\t\t<div id=\"elementor-tab-content-7731\" class=\"elementor-tab-content elementor-clearfix\" data-tab=\"1\" role=\"region\" aria-labelledby=\"elementor-tab-title-7731\"><p>B-Polifactoreming Kft<br><a href=\"https:\/\/goo.gl\/maps\/wDovDhnfjTA21Z8U7\">2543 S\u00fctt\u0151, Feh\u00e9r \u00fat 22.<\/a><\/p>\n<p>Ad\u00f3sz\u00e1m: 23910625-2-11<br>VAT: HU23910625<\/p>\n<p>Banksz\u00e1mla<br>HU67 1040 0913 5052 6553 5150 1005 <br>K&amp;H HUF<\/p>\n<p>SK62 5200 0000&nbsp; 0000 1651 5033 <br>OTP-SK EUR<\/p><\/div>\n\t\t\t\t<\/div>\n\t\t\t\t\t\t\t\t<\/div>\n\t\t\t\t\t\t<\/div>\n\t\t\t\t<\/div>\n\t\t\t\t\t<\/div>\n\t\t<\/div>\n\t\t\t\t<div class=\"elementor-column elementor-col-50 elementor-top-column elementor-element elementor-element-e159571\" data-id=\"e159571\" data-element_type=\"column\" data-e-type=\"column\">\n\t\t\t<div class=\"elementor-widget-wrap elementor-element-populated\">\n\t\t\t\t\t\t<div class=\"elementor-element elementor-element-3e80d65 elementor-widget elementor-widget-toggle\" data-id=\"3e80d65\" data-element_type=\"widget\" data-e-type=\"widget\" data-widget_type=\"toggle.default\">\n\t\t\t\t<div class=\"elementor-widget-container\">\n\t\t\t\t\t\t\t<div class=\"elementor-toggle\">\n\t\t\t\t\t\t\t<div class=\"elementor-toggle-item\">\n\t\t\t\t\t<div id=\"elementor-tab-title-6551\" class=\"elementor-tab-title\" data-tab=\"1\" role=\"button\" aria-controls=\"elementor-tab-content-6551\" aria-expanded=\"false\">\n\t\t\t\t\t\t\t\t\t\t\t\t<span class=\"elementor-toggle-icon elementor-toggle-icon-left\" aria-hidden=\"true\">\n\t\t\t\t\t\t\t\t\t\t\t\t\t\t\t<span class=\"elementor-toggle-icon-closed\"><i class=\"fas fa-caret-right\"><\/i><\/span>\n\t\t\t\t\t\t\t\t<span class=\"elementor-toggle-icon-opened\"><i class=\"elementor-toggle-icon-opened fas fa-caret-up\"><\/i><\/span>\n\t\t\t\t\t\t\t\t\t\t\t\t\t<\/span>\n\t\t\t\t\t\t\t\t\t\t\t\t<a class=\"elementor-toggle-title\" tabindex=\"0\">IRODA \u00c9S TELEPHELYEINK<\/a>\n\t\t\t\t\t<\/div>\n\n\t\t\t\t\t<div id=\"elementor-tab-content-6551\" class=\"elementor-tab-content elementor-clearfix\" data-tab=\"1\" role=\"region\" aria-labelledby=\"elementor-tab-title-6551\"><h2>IRODA<\/h2><ul><li><a href=\"https:\/\/goo.gl\/maps\/uPCBPq2Z931n2C8s8\">2800 Tatab\u00e1nya, K\u00e1rolyi Mih\u00e1ly \u00fat 1.<\/a><\/li><\/ul><h2>RAKT\u00c1RAINK<\/h2><ul><li><a href=\"https:\/\/goo.gl\/maps\/goRZkFAy2tsLs9F78\">F\u00f3thi Kft telephely\u00e9n <\/a><br \/>2851 K\u00f6rnye<\/li><li>Tisza-B\u00e9rc KFt telephely\u00e9n <br \/><a href=\"https:\/\/goo.gl\/maps\/91PM7iLH1H8V7fWWA\">3531 Miskolc Kiss Ern\u0151 \u00fat 17.<\/a><\/li><li><a href=\"https:\/\/goo.gl\/maps\/dLDKzkhyaqTUUF887\">Tisza-B\u00e9rc KFt telephely\u00e9n <\/a><br \/>3580 Tisza\u00fajv\u00e1ros Ipari Park Hrsz.: 599\/24<\/li><\/ul><\/div>\n\t\t\t\t<\/div>\n\t\t\t\t\t\t\t\t<\/div>\n\t\t\t\t\t\t<\/div>\n\t\t\t\t<\/div>\n\t\t\t\t\t<\/div>\n\t\t<\/div>\n\t\t\t\t\t<\/div>\n\t\t<\/section>\n\t\t\t\t<section class=\"elementor-section elementor-top-section elementor-element elementor-element-a3f302f elementor-section-full_width elementor-section-height-default elementor-section-height-default\" data-id=\"a3f302f\" data-element_type=\"section\" data-e-type=\"section\" data-settings=\"{&quot;background_background&quot;:&quot;classic&quot;}\">\n\t\t\t\t\t\t<div class=\"elementor-container elementor-column-gap-default\">\n\t\t\t\t\t<div class=\"elementor-column elementor-col-100 elementor-top-column elementor-element elementor-element-c22709c\" data-id=\"c22709c\" data-element_type=\"column\" data-e-type=\"column\">\n\t\t\t<div class=\"elementor-widget-wrap elementor-element-populated\">\n\t\t\t\t\t\t<div class=\"elementor-element elementor-element-5db5667 elementor-widget elementor-widget-google_maps\" data-id=\"5db5667\" data-element_type=\"widget\" data-e-type=\"widget\" data-widget_type=\"google_maps.default\">\n\t\t\t\t<div class=\"elementor-widget-container\">\n\t\t\t\t\t\t\t<div class=\"elementor-custom-embed\">\n\t\t\t<iframe loading=\"lazy\"\n\t\t\t\t\tsrc=\"https:\/\/maps.google.com\/maps?q=2800%20Tatab%C3%A1nya%2C%20K%C3%A1rolyi%20Mih%C3%A1ly%20%C3%BAt%201&#038;t=m&#038;z=14&#038;output=embed&#038;iwloc=near\"\n\t\t\t\t\ttitle=\"2800 Tatab\u00e1nya, K\u00e1rolyi Mih\u00e1ly \u00fat 1\"\n\t\t\t\t\taria-label=\"2800 Tatab\u00e1nya, K\u00e1rolyi Mih\u00e1ly \u00fat 1\"\n\t\t\t><\/iframe>\n\t\t<\/div>\n\t\t\t\t\t\t<\/div>\n\t\t\t\t<\/div>\n\t\t\t\t\t<\/div>\n\t\t<\/div>\n\t\t\t\t\t<\/div>\n\t\t<\/section>\n\t\t\t\t<\/div>\n\t\t","protected":false},"excerpt":{"rendered":"<p>Kapcsolat Bal\u00e1zs Csaba \u00dcgyvezet\u0151 E-mail: csaba.balazs@bpolifactoreming.com Kordik \u00c9va \u00c9rt\u00e9kes\u00edt\u00e9si vezet\u0151 E-mail: eva.kordik@bpolifactoreming.com Mobil: +36 70 9464-204 SZ\u00c9KHELY \u00c9S SZ\u00c1ML\u00c1Z\u00c1SI C\u00cdM B-Polifactoreming Kft2543 S\u00fctt\u0151, Feh\u00e9r \u00fat 22. Ad\u00f3sz\u00e1m: 23910625-2-11VAT: HU23910625 Banksz\u00e1mlaHU67 1040 0913 5052 6553 5150 1005 K&amp;H HUF SK62 5200 0000&nbsp; 0000 1651 5033 OTP-SK EUR IRODA \u00c9S TELEPHELYEINK IRODA 2800 Tatab\u00e1nya, K\u00e1rolyi Mih\u00e1ly \u00fat [&hellip;]<\/p>\n","protected":false},"author":1,"featured_media":0,"parent":0,"menu_order":0,"comment_status":"closed","ping_status":"closed","template":"","meta":{"footnotes":""},"class_list":["post-120","page","type-page","status-publish","hentry"],"_links":{"self":[{"href":"https:\/\/bpolifactoreming.com\/en\/wp-json\/wp\/v2\/pages\/120","targetHints":{"allow":["GET"]}}],"collection":[{"href":"https:\/\/bpolifactoreming.com\/en\/wp-json\/wp\/v2\/pages"}],"about":[{"href":"https:\/\/bpolifactoreming.com\/en\/wp-json\/wp\/v2\/types\/page"}],"author":[{"embeddable":true,"href":"https:\/\/bpolifactoreming.com\/en\/wp-json\/wp\/v2\/users\/1"}],"replies":[{"embeddable":true,"href":"https:\/\/bpolifactoreming.com\/en\/wp-json\/wp\/v2\/comments?post=120"}],"version-history":[{"count":106,"href":"https:\/\/bpolifactoreming.com\/en\/wp-json\/wp\/v2\/pages\/120\/revisions"}],"predecessor-version":[{"id":959,"href":"https:\/\/bpolifactoreming.com\/en\/wp-json\/wp\/v2\/pages\/120\/revisions\/959"}],"wp:attachment":[{"href":"https:\/\/bpolifactoreming.com\/en\/wp-json\/wp\/v2\/media?parent=120"}],"curies":[{"name":"wp","href":"https:\/\/api.w.org\/{rel}","templated":true}]}}