{"id":907,"date":"2021-06-14T05:51:07","date_gmt":"2021-06-14T03:51:07","guid":{"rendered":"https:\/\/bpolifactoreming.com\/?page_id=907"},"modified":"2021-06-14T05:55:44","modified_gmt":"2021-06-14T03:55:44","slug":"cookie-kezeles","status":"publish","type":"page","link":"https:\/\/bpolifactoreming.com\/en\/cookie-kezeles\/","title":{"rendered":"Cookie disclaimer"},"content":{"rendered":"\t\t<div data-elementor-type=\"wp-page\" data-elementor-id=\"907\" class=\"elementor elementor-907\" data-elementor-post-type=\"page\">\n\t\t\t\t\t\t<section class=\"elementor-section elementor-top-section elementor-element elementor-element-11456c87 elementor-section-height-min-height elementor-section-full_width elementor-section-height-default elementor-section-items-middle\" data-id=\"11456c87\" data-element_type=\"section\" data-e-type=\"section\" data-settings=\"{&quot;background_background&quot;:&quot;classic&quot;,&quot;background_motion_fx_motion_fx_scrolling&quot;:&quot;yes&quot;,&quot;background_motion_fx_translateY_effect&quot;:&quot;yes&quot;,&quot;background_motion_fx_translateY_speed&quot;:{&quot;unit&quot;:&quot;px&quot;,&quot;size&quot;:2,&quot;sizes&quot;:[]},&quot;shape_divider_bottom&quot;:&quot;tilt&quot;,&quot;background_motion_fx_translateY_affectedRange&quot;:{&quot;unit&quot;:&quot;%&quot;,&quot;size&quot;:&quot;&quot;,&quot;sizes&quot;:{&quot;start&quot;:0,&quot;end&quot;:100}},&quot;background_motion_fx_devices&quot;:[&quot;desktop&quot;,&quot;tablet&quot;,&quot;mobile&quot;]}\">\n\t\t\t\t\t\t\t<div class=\"elementor-background-overlay\"><\/div>\n\t\t\t\t\t\t<div class=\"elementor-shape elementor-shape-bottom\" aria-hidden=\"true\" data-negative=\"false\">\n\t\t\t<svg xmlns=\"http:\/\/www.w3.org\/2000\/svg\" viewBox=\"0 0 1000 100\" preserveAspectRatio=\"none\">\n\t<path class=\"elementor-shape-fill\" d=\"M0,6V0h1000v100L0,6z\"\/>\n<\/svg>\t\t<\/div>\n\t\t\t\t\t<div class=\"elementor-container elementor-column-gap-default\">\n\t\t\t\t\t<div class=\"elementor-column elementor-col-100 elementor-top-column elementor-element elementor-element-6caad4f8\" data-id=\"6caad4f8\" data-element_type=\"column\" data-e-type=\"column\">\n\t\t\t<div class=\"elementor-widget-wrap elementor-element-populated\">\n\t\t\t\t\t\t<div class=\"elementor-element elementor-element-621f2cd9 elementor-widget elementor-widget-heading\" data-id=\"621f2cd9\" data-element_type=\"widget\" data-e-type=\"widget\" data-widget_type=\"heading.default\">\n\t\t\t\t<div class=\"elementor-widget-container\">\n\t\t\t\t\t<h2 class=\"elementor-heading-title elementor-size-default\">Cookie kezel\u00e9s<\/h2>\t\t\t\t<\/div>\n\t\t\t\t<\/div>\n\t\t\t\t\t<\/div>\n\t\t<\/div>\n\t\t\t\t\t<\/div>\n\t\t<\/section>\n\t\t\t\t<section class=\"elementor-section elementor-top-section elementor-element elementor-element-499933c9 elementor-section-boxed elementor-section-height-default elementor-section-height-default\" data-id=\"499933c9\" data-element_type=\"section\" data-e-type=\"section\" data-settings=\"{&quot;background_background&quot;:&quot;classic&quot;}\">\n\t\t\t\t\t\t<div class=\"elementor-container elementor-column-gap-default\">\n\t\t\t\t\t<div class=\"elementor-column elementor-col-100 elementor-top-column elementor-element elementor-element-f5a228c\" data-id=\"f5a228c\" data-element_type=\"column\" data-e-type=\"column\">\n\t\t\t<div class=\"elementor-widget-wrap elementor-element-populated\">\n\t\t\t\t\t\t<div class=\"elementor-element elementor-element-7296d3f elementor-widget elementor-widget-text-editor\" data-id=\"7296d3f\" data-element_type=\"widget\" data-e-type=\"widget\" data-widget_type=\"text-editor.default\">\n\t\t\t\t<div class=\"elementor-widget-container\">\n\t\t\t\t\t\t\t\t\t<p>Ez a weboldal a felhaszn\u00e1l\u00f3 \u00e9lm\u00e9ny jav\u00edt\u00e1sa, valamint a zavartalan m\u0171k\u00f6d\u00e9s biztos\u00edt\u00e1sa \u00e9rdek\u00e9ben cookie-kat haszn\u00e1l. K\u00e9rj\u00fck olvassa el a Cookie szab\u00e1lyzatunkat, amelyben a cookie-kra vonatkoz\u00f3an r\u00e9szletes inform\u00e1ci\u00f3kat tal\u00e1l. \u201eElfogadom\u201d gombra kattint\u00e1ssal \u00d6n elfogadja a cookie-k haszn\u00e1lat\u00e1t.\u00a0<\/p><p><b>Cookie szab\u00e1lyzat\u00a0<\/b><\/p><p>A cookie (m\u00e1s n\u00e9ven s\u00fcti) egy kism\u00e9ret\u0171 adatf\u00e1jl, amelyet a megl\u00e1togatott weboldal hoz l\u00e9tre a felhaszn\u00e1l\u00f3 eszk\u00f6z\u00e9n (PC, telefon, tablet) vagy webes keres\u0151j\u00e9ben. A cookie enged\u00e9lyezi a honlap sz\u00e1m\u00e1ra, hogy megjegyezze a felhaszn\u00e1l\u00f3 be\u00e1ll\u00edt\u00e1sait. A cookie \u00f6nmag\u00e1ban nem k\u00e9pes a felhaszn\u00e1l\u00f3t azonos\u00edtani, kiz\u00e1r\u00f3lag az eszk\u00f6zt tudja felismerni. A cookie seg\u00edt, hogy a szolg\u00e1ltat\u00f3 t\u00e1j\u00e9koz\u00f3djon a weboldal n\u00e9pszer\u0171s\u00e9ge fel\u0151l, mivel l\u00e1tni engedi, hogy a felhaszn\u00e1l\u00f3 mely oldalra l\u00e9p be \u00e9s ott mennyi id\u0151t t\u00f6lt. A s\u00fctiket az elektronikus h\u00edrk\u00f6zl\u00e9sr\u0151l sz\u00f3l\u00f3 2003. \u00e9vi C. t\u00f6rv\u00e9ny, az elektronikus kereskedelmi szolg\u00e1ltat\u00e1sok valamint az inform\u00e1ci\u00f3s t\u00e1rsadalommal \u00f6sszef\u00fcgg\u0151 szolg\u00e1ltat\u00e1sok egyes k\u00e9rd\u00e9seir\u0151l sz\u00f3l\u00f3 2001. \u00e9vi CVIII. t\u00f6rv\u00e9ny, valamint az Eur\u00f3pai Parlament \u00e9s a Tan\u00e1cs 2016. \u00e1prilis 27-i 2016\/679 rendelete el\u0151\u00edr\u00e1sainak megfelel\u0151en haszn\u00e1ljuk.\u00a0<\/p><p>A weboldalon az al\u00e1bbi s\u00fctiket haszn\u00e1ljuk:\u00a0<\/p><table><tbody><tr><td><p><span style=\"color: #000000;\">N\u00e9v:\u00a0\u00a0<\/span><\/p><\/td><td><p><span style=\"color: #000000;\">C\u00e9lja:\u00a0\u00a0<\/span><\/p><\/td><td><p><span style=\"color: #000000;\">Lej\u00e1rat:\u00a0<\/span><\/p><\/td><\/tr><tr><td><p>wordpress_test_cookie\u00a0<\/p><\/td><td><p>ellen\u0151rzi, hogy a b\u00f6ng\u00e9sz\u0151ben enged\u00e9lyezve van-e a cookie t\u00e1rol\u00e1sa\u00a0<\/p><\/td><td><p>az adott munkamenet lez\u00e1r\u00e1s\u00e1t k\u00f6vet\u0151en t\u00f6rl\u0151dik\u00a0<\/p><\/td><\/tr><tr><td><p><span style=\"color: #000000;\">wordpress_logged_in_{id}\u00a0<\/span><\/p><\/td><td><p><span style=\"color: #000000;\">azonos\u00edt\u00f3, amely t\u00e1rolja, hogy a felhaszn\u00e1l\u00f3 bel\u00e9pett-e\u00a0<\/span><\/p><\/td><td><p><span style=\"color: #000000;\">az adott munkamenet lez\u00e1r\u00e1s\u00e1t k\u00f6vet\u0151en t\u00f6rl\u0151dik\u00a0<\/span><\/p><\/td><\/tr><tr><td><p>wordpress_sec_{id}\u00a0<\/p><\/td><td><p>cookie, amely a hozz\u00e1f\u00e9r\u00e9si jogot ellen\u0151rzi\u00a0<\/p><\/td><td><p>az adott munkamenet lez\u00e1r\u00e1s\u00e1t k\u00f6vet\u0151en t\u00f6rl\u0151dik\u00a0<\/p><\/td><\/tr><tr><td><p><span style=\"color: #000000;\">wp-settings-{id}\u00a0<\/span><\/p><\/td><td><p><span style=\"color: #000000;\">az adott felhaszn\u00e1l\u00f3hoz t\u00f6rt\u00e9n\u0151 be\u00e1ll\u00edt\u00e1sokat t\u00e1rolja\u00a0<\/span><\/p><\/td><td><p><span style=\"color: #000000;\">1 \u00e9v\u00a0<\/span><\/p><\/td><\/tr><tr><td><p>wp-settings-time-{id}\u00a0<\/p><\/td><td><p>az el\u0151z\u0151 cookie \u00e1ltal defini\u00e1lt be\u00e1ll\u00edt\u00e1sok \u00e9letbel\u00e9p\u00e9s\u00e9nek ideje\u00a0<\/p><\/td><td><p>1 \u00e9v\u00a0<\/p><\/td><\/tr><tr><td><p><span style=\"color: #000000;\">wordpress_gdpr_cookies_allowed\u00a0<\/span><\/p><\/td><td><p><span style=\"color: #000000;\">megjegyzi, hogy az cookie-kat elfogadta a felhaszn\u00e1l\u00f3\u00a0<\/span><\/p><\/td><td><p><span style=\"color: #000000;\">6 h\u00f3nap\u00a0<\/span><\/p><\/td><\/tr><tr><td><p>wordpress_gdpr_cookies_declined\u00a0<\/p><\/td><td><p>megjegyzi, hogy a cookie-ket elutas\u00edtotta a felhaszn\u00e1l\u00f3\u00a0<\/p><\/td><td><p>6 h\u00f3nap\u00a0<\/p><\/td><\/tr><tr><td><p><span style=\"color: #000000;\">wordpress_gdpr_allowed_services<\/span>\u00a0<\/p><\/td><td><p><span style=\"color: #000000;\">megjegyzi az elfogadott cookie azonos\u00edt\u00f3kat\u00a0<\/span><\/p><\/td><td><p><span style=\"color: #000000;\">6 h\u00f3nap\u00a0<\/span><\/p><\/td><\/tr><\/tbody><\/table><p>A fenti s\u00fctik egy r\u00e9sze \u00fan. ideiglenes vagy munkamenet s\u00fctik addig maradnak az eszk\u00f6z\u00f6n, am\u00edg a felhaszn\u00e1l\u00f3 el nem hagyja a weboldalt. A s\u00fctik m\u00e1sik r\u00e9sze \u00e1lland\u00f3 s\u00fctik a honlap elhagy\u00e1s\u00e1t k\u00f6vet\u0151en, hosszabb ideig maradnak az eszk\u00f6z\u00f6n vagy addig, am\u00edg a felhaszn\u00e1l\u00f3 manu\u00e1lisan nem t\u00f6rli.\u00a0\u00a0<\/p><p><b>A cookie-k t\u00f6rl\u00e9se:\u00a0<\/b><\/p><p>A s\u00fctik a felhaszn\u00e1l\u00f3 enged\u00e9ly\u00e9vel ker\u00fclnek elhelyez\u00e9sre a b\u00f6ng\u00e9sz\u00e9sre haszn\u00e1lt eszk\u00f6z\u00f6n, amelyek a fentiekben megadott id\u0151 eltelt\u00e9vel automatikusan t\u00f6rl\u0151dnek, de a felhaszn\u00e1l\u00f3 b\u00e1rmikor d\u00f6nthet \u00fagy, hogy t\u00f6rli a cookie-kat.\u00a0<\/p><p>A b\u00f6ng\u00e9sz\u0151programok \u00e1ltal\u00e1ban enged\u00e9lyezik a cookie-k be\u00e1ll\u00edt\u00e1s\u00e1nak megv\u00e1ltoztat\u00e1s\u00e1t. Egyes b\u00f6ng\u00e9sz\u0151k alap\u00e9rtelmezettk\u00e9nt elfogadj\u00e1k a s\u00fctiket, de ez megv\u00e1ltoztathat\u00f3 annak \u00e9rdek\u00e9ben, hogy a felhaszn\u00e1l\u00f3 d\u00f6nthessen, hogy k\u00e9ri-e a s\u00fctiket vagy sem. Tov\u00e1bbi r\u00e9szletes inform\u00e1ci\u00f3 az egyes b\u00f6ng\u00e9sz\u0151k cookie be\u00e1ll\u00edt\u00e1sair\u00f3l az al\u00e1bbi linkeken tal\u00e1lhat\u00f3ak meg:\u00a0<\/p><p>Google Chrome eset\u00e9n: <a href=\"https:\/\/support.google.com\/accounts\/answer\/61416?hl=hu\">https:\/\/support.google.com\/accounts\/answer\/61416?hl=hu<\/a>\u00a0<\/p><p>Microsoft Internet Explorer eset\u00e9n: <a href=\"https:\/\/support.microsoft.com\/hu-hu\/help\/17442\/windows-internet-explorer-delete-manage-cookies\">https:\/\/support.microsoft.com\/hu-hu\/help\/17442\/windows-internet-explorer-delete-manage-cookies<\/a>\u00a0\u00a0<\/p><p>Firefox eset\u00e9n: <a href=\"https:\/\/support.mozilla.org\/hu\/kb\/sutik-informacio-amelyet-weboldalak-tarolnak-szami?redirectlocale=hu&amp;redirectslug=S%C3%BCtik+kezel%C3%A9se\">https:\/\/support.mozilla.org\/hu\/kb\/sutik-informacio-amelyet-weboldalak-tarolnak-szami?redirectlocale=hu&amp;redirectslug=S%C3%BCtik+kezel%C3%A9se<\/a><\/p>\t\t\t\t\t\t\t\t<\/div>\n\t\t\t\t<\/div>\n\t\t\t\t\t<\/div>\n\t\t<\/div>\n\t\t\t\t\t<\/div>\n\t\t<\/section>\n\t\t\t\t<\/div>\n\t\t","protected":false},"excerpt":{"rendered":"<p>Cookie kezel\u00e9s Ez a weboldal a felhaszn\u00e1l\u00f3 \u00e9lm\u00e9ny jav\u00edt\u00e1sa, valamint a zavartalan m\u0171k\u00f6d\u00e9s biztos\u00edt\u00e1sa \u00e9rdek\u00e9ben cookie-kat haszn\u00e1l. K\u00e9rj\u00fck olvassa el a Cookie szab\u00e1lyzatunkat, amelyben a cookie-kra vonatkoz\u00f3an r\u00e9szletes inform\u00e1ci\u00f3kat tal\u00e1l. \u201eElfogadom\u201d gombra kattint\u00e1ssal \u00d6n elfogadja a cookie-k haszn\u00e1lat\u00e1t.\u00a0 Cookie szab\u00e1lyzat\u00a0 A cookie (m\u00e1s n\u00e9ven s\u00fcti) egy kism\u00e9ret\u0171 adatf\u00e1jl, amelyet a megl\u00e1togatott weboldal hoz l\u00e9tre a [&hellip;]<\/p>\n","protected":false},"author":1,"featured_media":0,"parent":0,"menu_order":0,"comment_status":"closed","ping_status":"closed","template":"","meta":{"footnotes":""},"class_list":["post-907","page","type-page","status-publish","hentry"],"_links":{"self":[{"href":"https:\/\/bpolifactoreming.com\/en\/wp-json\/wp\/v2\/pages\/907","targetHints":{"allow":["GET"]}}],"collection":[{"href":"https:\/\/bpolifactoreming.com\/en\/wp-json\/wp\/v2\/pages"}],"about":[{"href":"https:\/\/bpolifactoreming.com\/en\/wp-json\/wp\/v2\/types\/page"}],"author":[{"embeddable":true,"href":"https:\/\/bpolifactoreming.com\/en\/wp-json\/wp\/v2\/users\/1"}],"replies":[{"embeddable":true,"href":"https:\/\/bpolifactoreming.com\/en\/wp-json\/wp\/v2\/comments?post=907"}],"version-history":[{"count":7,"href":"https:\/\/bpolifactoreming.com\/en\/wp-json\/wp\/v2\/pages\/907\/revisions"}],"predecessor-version":[{"id":915,"href":"https:\/\/bpolifactoreming.com\/en\/wp-json\/wp\/v2\/pages\/907\/revisions\/915"}],"wp:attachment":[{"href":"https:\/\/bpolifactoreming.com\/en\/wp-json\/wp\/v2\/media?parent=907"}],"curies":[{"name":"wp","href":"https:\/\/api.w.org\/{rel}","templated":true}]}}